
{"id":4839,"date":"2025-06-26T09:27:13","date_gmt":"2025-06-26T02:27:13","guid":{"rendered":"https:\/\/tdico.com.vn\/?post_type=product&#038;p=4839"},"modified":"2025-06-26T09:35:52","modified_gmt":"2025-06-26T02:35:52","slug":"truc-mem-ve-sinh-ong-9-16-1-id-gtc%e2%80%91703","status":"publish","type":"product","link":"https:\/\/tdico.com.vn\/en\/truc-mem-ve-sinh-ong-9-16-1-id-gtc%e2%80%91703\/","title":{"rendered":"Tr\u1ee5c M\u1ec1m V\u1ec7 Sinh \u1ed0ng (9\/16&#8243;\u20131&#8243; ID) GTC\u2011703"},"content":{"rendered":"<h2>\ud83d\udd27 <strong data-start=\"123\" data-end=\"177\">GTC-703 \u2013 Tr\u1ee5c M\u1ec1m V\u1ec7 Sinh \u1ed0ng Cao C\u1ea5p t\u1eeb Goodway<\/strong><\/h2>\n<h3 data-start=\"179\" data-end=\"208\">\ud83d\udce6 <strong data-start=\"186\" data-end=\"208\">T\u1ed5ng Quan S\u1ea3n Ph\u1ea9m<\/strong><\/h3>\n<p>Tr\u1ee5c m\u1ec1m <strong data-start=\"218\" data-end=\"230\">GTC-703Q<\/strong> l\u00e0 l\u1ef1a ch\u1ecdn ch\u00ednh h\u00e3ng t\u1eeb <strong data-start=\"257\" data-end=\"268\">Goodway<\/strong> cho c\u00e1c \u1ee9ng d\u1ee5ng v\u1ec7 sinh \u1ed1ng <strong data-start=\"298\" data-end=\"324\">c\u00f3 n\u01b0\u1edbc (wet cleaning)<\/strong>. V\u1edbi thi\u1ebft k\u1ebf th\u00f4ng minh c\u00f9ng l\u1edbp v\u1ecf nylon b\u1ec1n ch\u1eafc, tr\u1ee5c mang \u0111\u1ebfn hi\u1ec7u qu\u1ea3 l\u00e0m s\u1ea1ch v\u01b0\u1ee3t tr\u1ed9i, \u0111\u1ed3ng th\u1eddi <strong data-start=\"431\" data-end=\"471\">gi\u1ea3m thi\u1ec3u g\u00e3y tr\u1ee5c v\u00e0 t\u0103ng tu\u1ed5i th\u1ecd<\/strong> s\u1ea3n ph\u1ea9m.<\/p>\n<p>Ph\u00f9 h\u1ee3p v\u1edbi c\u00e1c lo\u1ea1i \u1ed1ng c\u00f3 \u0111\u01b0\u1eddng k\u00ednh trong t\u1eeb <strong data-start=\"531\" data-end=\"564\">9\/16&#8243; \u0111\u1ebfn 1&#8243; (14.3 \u2013 25.4 mm)<\/strong>. Tr\u1ee5c c\u00f3 hai t\u00f9y ch\u1ecdn \u0111\u1ea7u n\u1ed1i:<br data-start=\"595\" data-end=\"598\" \/>\ud83d\udd39 <strong data-start=\"601\" data-end=\"625\">Chu\u1ea9n ren (Threaded)<\/strong><br data-start=\"625\" data-end=\"628\" \/>\ud83d\udd39 <strong data-start=\"631\" data-end=\"663\">Thay nhanh Quick Connect (Q)<\/strong><\/p>\n<p>Ngo\u00e0i c\u00e1c \u0111\u1ed9 d\u00e0i ti\u00eau chu\u1ea9n, Goodway c\u00f2n h\u1ed7 tr\u1ee3 <strong data-start=\"713\" data-end=\"750\">\u0111\u1eb7t h\u00e0ng theo k\u00edch th\u01b0\u1edbc t\u00f9y ch\u1ecdn<\/strong> ph\u00f9 h\u1ee3p v\u1edbi t\u1eebng lo\u1ea1i m\u00e1y v\u1ec7 sinh \u1ed1ng.<\/p>\n<blockquote data-start=\"791\" data-end=\"924\"><p>\u26a0\ufe0f <strong data-start=\"796\" data-end=\"806\">L\u01b0u \u00fd:<\/strong><\/p>\n<ul data-start=\"811\" data-end=\"924\">\n<li data-start=\"811\" data-end=\"883\">Khi d\u00f9ng v\u1edbi m\u00e1y <strong data-start=\"830\" data-end=\"839\">RAM-5<\/strong>, h\u00e3y ch\u1ecdn phi\u00ean b\u1ea3n d\u00e0nh ri\u00eang cho RAM-5.<\/li>\n<li data-start=\"886\" data-end=\"924\">C\u00e1c m\u00e1y kh\u00e1c ch\u1ecdn phi\u00ean b\u1ea3n &#8220;Other&#8221;.<\/li>\n<\/ul>\n<\/blockquote>\n<hr data-start=\"926\" data-end=\"929\" \/>\n<h3 data-start=\"931\" data-end=\"958\">\u2b50 <strong data-start=\"937\" data-end=\"958\">T\u00ednh N\u0103ng N\u1ed5i B\u1eadt<\/strong><\/h3>\n<ul data-start=\"959\" data-end=\"1533\">\n<li data-start=\"959\" data-end=\"1054\">\u2705 <strong data-start=\"963\" data-end=\"990\">H\u00e0ng ch\u00ednh h\u00e3ng Goodway<\/strong> \u2013 T\u01b0\u01a1ng th\u00edch ho\u00e0n to\u00e0n v\u1edbi c\u00e1c thi\u1ebft b\u1ecb l\u00e0m s\u1ea1ch \u1ed1ng c\u1ee7a h\u00e3ng.<\/li>\n<li data-start=\"1055\" data-end=\"1131\">\ud83d\udd29 <strong data-start=\"1060\" data-end=\"1094\">L\u00f5i th\u00e9p m\u1ea1 k\u1ebdm ch\u1ea5t l\u01b0\u1ee3ng cao<\/strong> \u2013 Hi\u1ec7u su\u1ea5t v\u01b0\u1ee3t tr\u1ed9i, ch\u1ed1ng \u0103n m\u00f2n.<\/li>\n<li data-start=\"1132\" data-end=\"1214\">\ud83d\udee1\ufe0f <strong data-start=\"1138\" data-end=\"1168\">L\u1edbp v\u1ecf nylon ch\u1ed1ng m\u00e0i m\u00f2n<\/strong> \u2013 Ch\u1ecbu l\u1ef1c, b\u1ec1n b\u1ec9 qua th\u1eddi gian d\u00e0i s\u1eed d\u1ee5ng.<\/li>\n<li data-start=\"1215\" data-end=\"1291\">\ud83d\udd04 <strong data-start=\"1220\" data-end=\"1253\">H\u1ec7 th\u1ed1ng ch\u1ed1ng xo\u1eafn \u0111\u1ed9c quy\u1ec1n<\/strong> \u2013 H\u1ea1n ch\u1ebf t\u1ed1i \u0111a t\u00ecnh tr\u1ea1ng g\u00e3y tr\u1ee5c.<\/li>\n<li data-start=\"1292\" data-end=\"1362\">\u2699\ufe0f <strong data-start=\"1297\" data-end=\"1322\">Nhi\u1ec1u l\u1ef1a ch\u1ecdn \u0111\u1ed9 d\u00e0i<\/strong> \u2013 Ph\u00f9 h\u1ee3p \u0111a d\u1ea1ng \u1ee9ng d\u1ee5ng c\u00f4ng nghi\u1ec7p.<\/li>\n<li data-start=\"1363\" data-end=\"1452\">\u26a1 <strong data-start=\"1367\" data-end=\"1406\">T\u00f9y ch\u1ecdn thay nhanh (Quick Connect)<\/strong> \u2013 Thay th\u1ebf ch\u1ed5i ho\u1eb7c tr\u1ee5c ch\u1ec9 trong v\u00e0i gi\u00e2y.<\/li>\n<li data-start=\"1453\" data-end=\"1533\">\ud83d\udd27 <strong data-start=\"1458\" data-end=\"1533\">S\u1eb5n s\u00e0ng d\u00f9ng v\u1edbi c\u00e1c lo\u1ea1i m\u00e1y v\u1ec7 sinh \u1ed1ng: RAM-4, RAM-5, RAM-Pro, v.v.<\/strong><\/li>\n<\/ul>\n<hr data-start=\"1535\" data-end=\"1538\" \/>\n<h3 data-start=\"1540\" data-end=\"1575\">\ud83d\udcd0 <strong data-start=\"1547\" data-end=\"1575\">Th\u00f4ng S\u1ed1 K\u1ef9 Thu\u1eadt C\u01a1 B\u1ea3n<\/strong><\/h3>\n<div>\n<div>\n<table class=\"w-fit min-w-(--thread-content-width)\" data-start=\"1576\" data-end=\"2426\">\n<thead data-start=\"1576\" data-end=\"1659\">\n<tr data-start=\"1576\" data-end=\"1659\">\n<th data-start=\"1576\" data-end=\"1606\" data-col-size=\"sm\">Th\u00f4ng s\u1ed1<\/th>\n<th data-start=\"1606\" data-end=\"1659\" data-col-size=\"md\">Gi\u00e1 tr\u1ecb<\/th>\n<\/tr>\n<\/thead>\n<tbody data-start=\"1745\" data-end=\"2426\">\n<tr data-start=\"1745\" data-end=\"1829\">\n<td data-start=\"1745\" data-end=\"1775\" data-col-size=\"sm\">M\u00e3 s\u1ea3n ph\u1ea9m<\/td>\n<td data-col-size=\"md\" data-start=\"1775\" data-end=\"1829\"><strong data-start=\"1777\" data-end=\"1789\">GTC-703Q<\/strong><\/td>\n<\/tr>\n<tr data-start=\"1830\" data-end=\"1914\">\n<td data-start=\"1830\" data-end=\"1860\" data-col-size=\"sm\">\u1ee8ng d\u1ee5ng<\/td>\n<td data-col-size=\"md\" data-start=\"1860\" data-end=\"1914\">V\u1ec7 sinh \u1ed1ng c\u00f3 n\u01b0\u1edbc (Wet Tube Cleaning)<\/td>\n<\/tr>\n<tr data-start=\"1915\" data-end=\"2000\">\n<td data-start=\"1915\" data-end=\"1945\" data-col-size=\"sm\">\u0110\u01b0\u1eddng k\u00ednh \u1ed1ng ph\u00f9 h\u1ee3p<\/td>\n<td data-col-size=\"md\" data-start=\"1945\" data-end=\"2000\">9\/16&#8243; \u2013 1&#8243; (14.3 \u2013 25.4 mm)<\/td>\n<\/tr>\n<tr data-start=\"2001\" data-end=\"2085\">\n<td data-start=\"2001\" data-end=\"2031\" data-col-size=\"sm\">\u0110\u1ea7u n\u1ed1i<\/td>\n<td data-col-size=\"md\" data-start=\"2031\" data-end=\"2085\">Quick Connect (c\u00f3 th\u1ec3 ch\u1ecdn lo\u1ea1i ren n\u1ebfu c\u1ea7n)<\/td>\n<\/tr>\n<tr data-start=\"2086\" data-end=\"2170\">\n<td data-start=\"2086\" data-end=\"2116\" data-col-size=\"sm\">C\u1ea5u t\u1ea1o l\u00f5i<\/td>\n<td data-col-size=\"md\" data-start=\"2116\" data-end=\"2170\">Th\u00e9p m\u1ea1 k\u1ebdm<\/td>\n<\/tr>\n<tr data-start=\"2171\" data-end=\"2255\">\n<td data-start=\"2171\" data-end=\"2201\" data-col-size=\"sm\">V\u1ecf ngo\u00e0i<\/td>\n<td data-col-size=\"md\" data-start=\"2201\" data-end=\"2255\">Nylon ch\u1ed1ng m\u00e0i m\u00f2n<\/td>\n<\/tr>\n<tr data-start=\"2256\" data-end=\"2341\">\n<td data-start=\"2256\" data-end=\"2286\" data-col-size=\"sm\">Lo\u1ea1i t\u01b0\u01a1ng th\u00edch m\u00e1y<\/td>\n<td data-col-size=\"md\" data-start=\"2286\" data-end=\"2341\">RAM-4, RAM-5, RAM-Pro, v.v.<\/td>\n<\/tr>\n<tr data-start=\"2342\" data-end=\"2426\">\n<td data-start=\"2342\" data-end=\"2372\" data-col-size=\"sm\">T\u00f9y ch\u1ecdn chi\u1ec1u d\u00e0i<\/td>\n<td data-col-size=\"md\" data-start=\"2372\" data-end=\"2426\">C\u00f3 \u2013 \u0111\u1eb7t theo y\u00eau c\u1ea7u<\/td>\n<\/tr>\n<\/tbody>\n<\/table>\n<\/div>\n<\/div>\n","protected":false},"excerpt":{"rendered":"<h2 data-start=\"44\" data-end=\"115\">\ud83c\udf00 <strong data-start=\"50\" data-end=\"115\">Goodway GTC\u2011703\u00a0 (Flexible Shaft)<\/strong><\/h2>\n<h2 data-start=\"44\" data-end=\"115\"><strong data-start=\"50\" data-end=\"115\">Tr\u1ee5c M\u1ec1m V\u1ec7 Sinh \u1ed0ng (9\/16&#8243;\u20131&#8243; ID)<\/strong><\/h2>\n<h3 data-start=\"117\" data-end=\"163\">\u2699\ufe0f <strong data-start=\"124\" data-end=\"163\">Phi\u00ean b\u1ea3n Ti\u00eau chu\u1ea9n (Ren Threaded)<\/strong><\/h3>\n<ul data-start=\"164\" data-end=\"733\">\n<li data-start=\"164\" data-end=\"243\">\n<p data-start=\"166\" data-end=\"243\"><span class=\"relative -mx-px my-[-0.2rem] rounded px-px py-[0.2rem] transition-colors duration-100 ease-in-out\"><strong data-start=\"0\" data-end=\"14\" data-is-only-node=\"\">GTC-703-12<\/strong> \u2013 12\u202fft (~3.6\u202fm)<\/span><\/p>\n<\/li>\n<li data-start=\"244\" data-end=\"323\">\n<p data-start=\"246\" data-end=\"323\"><span class=\"relative -mx-px my-[-0.2rem] rounded px-px py-[0.2rem] transition-colors duration-100 ease-in-out\"><strong data-start=\"0\" data-end=\"14\" data-is-only-node=\"\">GTC-703-17<\/strong> \u2013 17\u202fft (~5.2\u202fm)<\/span><\/p>\n<\/li>\n<li data-start=\"324\" data-end=\"403\">\n<p data-start=\"326\" data-end=\"403\"><span class=\"relative -mx-px my-[-0.2rem] rounded px-px py-[0.2rem] transition-colors duration-100 ease-in-out\"><strong data-start=\"0\" data-end=\"14\" data-is-only-node=\"\">GTC-703-25<\/strong> \u2013 25\u202fft (~7.6\u202fm)<\/span><\/p>\n<\/li>\n<li data-start=\"404\" data-end=\"483\">\n<p data-start=\"406\" data-end=\"483\"><span class=\"relative -mx-px my-[-0.2rem] rounded px-px py-[0.2rem] transition-colors duration-100 ease-in-out\"><strong data-start=\"0\" data-end=\"14\" data-is-only-node=\"\">GTC-703-35<\/strong> \u2013 35\u202fft (~10.7\u202fm)<\/span><\/p>\n<\/li>\n<li data-start=\"484\" data-end=\"565\">\n<p data-start=\"486\" data-end=\"565\"><span class=\"relative -mx-px my-[-0.2rem] rounded px-px py-[0.2rem] transition-colors duration-100 ease-in-out\"><strong data-start=\"0\" data-end=\"14\" data-is-only-node=\"\">GTC-703-45<\/strong> \u2013 45\u202fft (~13.7\u202fm)<\/span><\/p>\n<\/li>\n<li data-start=\"566\" data-end=\"649\">\n<p data-start=\"568\" data-end=\"649\"><span class=\"relative -mx-px my-[-0.2rem] rounded px-px py-[0.2rem] transition-colors duration-100 ease-in-out\"><strong data-start=\"0\" data-end=\"14\" data-is-only-node=\"\">GTC-703-60<\/strong> \u2013 60\u202fft (~18.3\u202fm)<\/span><\/p>\n<\/li>\n<li data-start=\"650\" data-end=\"733\">\n<p data-start=\"652\" data-end=\"733\"><span class=\"relative -mx-px my-[-0.2rem] rounded px-px py-[0.2rem] transition-colors duration-100 ease-in-out\"><strong data-start=\"0\" data-end=\"14\" data-is-only-node=\"\">GTC-703-75<\/strong> \u2013 75\u202fft (~22.9\u202fm)<\/span><\/p>\n<\/li>\n<\/ul>\n<h3 data-start=\"735\" data-end=\"782\">\ud83e\udde9 <strong data-start=\"742\" data-end=\"782\">Phi\u00ean b\u1ea3n RAM\u20115 compatible (c\u00f3 stopper)<\/strong><\/h3>\n<ul data-start=\"783\" data-end=\"866\">\n<li data-start=\"783\" data-end=\"866\">\n<p data-start=\"785\" data-end=\"866\"><span class=\"relative -mx-px my-[-0.2rem] rounded px-px py-[0.2rem] transition-colors duration-100 ease-in-out\"><strong data-start=\"0\" data-end=\"17\" data-is-only-node=\"\">GTC-703-35-R5<\/strong>, <strong data-start=\"19\" data-end=\"36\">GTC-703-45-R5<\/strong>, <strong data-start=\"38\" data-end=\"55\">GTC-703-60-R5<\/strong>, <strong data-start=\"57\" data-end=\"74\">GTC-703-75-R5<\/strong> \u2013 \u0111\u1ed9 d\u00e0i t\u01b0\u01a1ng \u1ee9ng nh\u01b0 tr\u00ean, t\u00edch h\u1ee3p phanh cho m\u00e1y RAM\u20115<\/span><\/p>\n<\/li>\n<\/ul>\n<h3 data-start=\"868\" data-end=\"906\">\u26a1 <strong data-start=\"874\" data-end=\"906\">Phi\u00ean b\u1ea3n Quick\u2011Connect (QC)<\/strong><\/h3>\n<ul data-start=\"907\" data-end=\"1410\">\n<li data-start=\"907\" data-end=\"990\">\n<p data-start=\"909\" data-end=\"990\"><span class=\"relative -mx-px my-[-0.2rem] rounded px-px py-[0.2rem] transition-colors duration-100 ease-in-out\"><strong data-start=\"0\" data-end=\"15\" data-is-only-node=\"\">GTC-703Q-12<\/strong> \u2013 12\u202fft (~3.6\u202fm)<\/span><\/p>\n<\/li>\n<li data-start=\"991\" data-end=\"1074\">\n<p data-start=\"993\" data-end=\"1074\"><span class=\"relative -mx-px my-[-0.2rem] rounded px-px py-[0.2rem] transition-colors duration-100 ease-in-out\"><strong data-start=\"0\" data-end=\"15\" data-is-only-node=\"\">GTC-703Q-17<\/strong> \u2013 17\u202fft (~5.2\u202fm)<\/span><\/p>\n<\/li>\n<li data-start=\"1075\" data-end=\"1158\">\n<p data-start=\"1077\" data-end=\"1158\"><span class=\"relative -mx-px my-[-0.2rem] rounded px-px py-[0.2rem] transition-colors duration-100 ease-in-out\"><strong data-start=\"0\" data-end=\"15\" data-is-only-node=\"\">GTC-703Q-25<\/strong> \u2013 25\u202fft (~7.6\u202fm)<\/span><\/p>\n<\/li>\n<li data-start=\"1159\" data-end=\"1242\">\n<p data-start=\"1161\" data-end=\"1242\"><span class=\"relative -mx-px my-[-0.2rem] rounded px-px py-[0.2rem] transition-colors duration-100 ease-in-out\"><strong data-start=\"0\" data-end=\"15\" data-is-only-node=\"\">GTC-703Q-35<\/strong> \u2013 35\u202fft (~10.7\u202fm)<\/span><\/p>\n<\/li>\n<li data-start=\"1243\" data-end=\"1326\">\n<p data-start=\"1245\" data-end=\"1326\"><span class=\"relative -mx-px my-[-0.2rem] rounded px-px py-[0.2rem] transition-colors duration-100 ease-in-out\"><strong data-start=\"0\" data-end=\"15\" data-is-only-node=\"\">GTC-703Q-45<\/strong> \u2013 45\u202fft (~13.7\u202fm)<\/span><\/p>\n<\/li>\n<li data-start=\"1327\" data-end=\"1410\">\n<p data-start=\"1329\" data-end=\"1410\"><span class=\"relative -mx-px my-[-0.2rem] rounded px-px py-[0.2rem] transition-colors duration-100 ease-in-out\"><strong data-start=\"0\" data-end=\"15\" data-is-only-node=\"\">GTC-703Q-60<\/strong> \u2013 60\u202fft (~18.3\u202fm)<\/span><\/p>\n<\/li>\n<\/ul>\n<h3 data-start=\"1412\" data-end=\"1448\">\ud83d\udee0 Phi\u00ean b\u1ea3n RAM\u20115 Quick\u2011Connect<\/h3>\n<ul data-start=\"1449\" data-end=\"1532\">\n<li data-start=\"1449\" data-end=\"1532\">\n<p data-start=\"1451\" data-end=\"1532\"><span class=\"relative -mx-px my-[-0.2rem] rounded px-px py-[0.2rem] transition-colors duration-100 ease-in-out\"><strong data-start=\"0\" data-end=\"18\" data-is-only-node=\"\">GTC-703Q-35-R5<\/strong>, <strong data-start=\"20\" data-end=\"38\">GTC-703Q-45-R5<\/strong>, <strong data-start=\"40\" data-end=\"58\">GTC-703Q-60-R5<\/strong> \u2013 c\u00e1c \u0111\u1ed9 d\u00e0i t\u01b0\u01a1ng \u1ee9ng, t\u00edch h\u1ee3p phanh cho m\u00e1y RAM\u20115<\/span><\/p>\n<\/li>\n<\/ul>\n","protected":false},"featured_media":4842,"template":"","meta":[],"product_cat":[693,736],"product_tag":[827,828,829,830,831,832,833,834,835,836,837,838,839],"class_list":{"0":"post-4839","1":"product","2":"type-product","3":"status-publish","4":"has-post-thumbnail","6":"product_cat-thiet-bi-ve-sinh-duong-ong","7":"product_cat-phu-kien-lam-sach-ong","8":"product_tag-gtc-703-12-12-ft-3-6-m","9":"product_tag-gtc-703-17-17-ft-5-2-m","10":"product_tag-gtc-703-25-25-ft","11":"product_tag-gtc-703-35-35-ft-10-7-m","12":"product_tag-gtc-703-45-45-ft-13-7-m","13":"product_tag-gtc-703-60-60-ft-18-3-m","14":"product_tag-gtc-703-75-75-ft-22-9-m","15":"product_tag-gtc-703q-12-12-ft-3-6-m","16":"product_tag-gtc-703q-17-17-ft-5-2-m","17":"product_tag-gtc-703q-25-25-ft-7-6-m","18":"product_tag-gtc-703q-35-35-ft-10-7-m","19":"product_tag-gtc-703q-45-45-ft-13-7-m","20":"product_tag-gtc-703q-60-60-ft-18-3-m","22":"first","23":"instock","24":"shipping-taxable","25":"product-type-simple"},"_links":{"self":[{"href":"https:\/\/tdico.com.vn\/en\/wp-json\/wp\/v2\/product\/4839"}],"collection":[{"href":"https:\/\/tdico.com.vn\/en\/wp-json\/wp\/v2\/product"}],"about":[{"href":"https:\/\/tdico.com.vn\/en\/wp-json\/wp\/v2\/types\/product"}],"wp:featuredmedia":[{"embeddable":true,"href":"https:\/\/tdico.com.vn\/en\/wp-json\/wp\/v2\/media\/4842"}],"wp:attachment":[{"href":"https:\/\/tdico.com.vn\/en\/wp-json\/wp\/v2\/media?parent=4839"}],"wp:term":[{"taxonomy":"product_cat","embeddable":true,"href":"https:\/\/tdico.com.vn\/en\/wp-json\/wp\/v2\/product_cat?post=4839"},{"taxonomy":"product_tag","embeddable":true,"href":"https:\/\/tdico.com.vn\/en\/wp-json\/wp\/v2\/product_tag?post=4839"}],"curies":[{"name":"wp","href":"https:\/\/api.w.org\/{rel}","templated":true}]}}